{"id":103,"date":"2026-03-04T14:31:32","date_gmt":"2026-03-04T17:31:32","guid":{"rendered":"https:\/\/conectionviper.com.br\/wordpress\/?page_id=103"},"modified":"2026-03-09T16:22:42","modified_gmt":"2026-03-09T19:22:42","slug":"home","status":"publish","type":"page","link":"https:\/\/conectionviper.com.br\/wordpress\/","title":{"rendered":"Home"},"content":{"rendered":"\t\t<div data-elementor-type=\"wp-page\" data-elementor-id=\"103\" class=\"elementor elementor-103\" data-elementor-post-type=\"page\">\n\t\t\t\t<div class=\"elementor-element elementor-element-404717b e-flex e-con-boxed e-con e-parent\" data-id=\"404717b\" data-element_type=\"container\" data-settings=\"{&quot;background_background&quot;:&quot;classic&quot;}\">\n\t\t\t\t\t<div class=\"e-con-inner\">\n\t\t\t\t<div class=\"elementor-element elementor-element-47b7379 elementor-widget__width-initial elementor-widget elementor-widget-heading\" data-id=\"47b7379\" data-element_type=\"widget\" data-widget_type=\"heading.default\">\n\t\t\t\t\t<h2 class=\"elementor-heading-title elementor-size-default\">Gest\u00e3o nacional de acess\u00f3rios e \nmanuten\u00e7\u00e3o para frotas corporativas.<\/h2>\t\t\t\t<\/div>\n\t\t\t\t<div class=\"elementor-element elementor-element-547a695 elementor-widget__width-initial elementor-widget elementor-widget-text-editor\" data-id=\"547a695\" data-element_type=\"widget\" data-widget_type=\"text-editor.default\">\n\t\t\t\t\t\t\t\t\t<p>Mais de 25 anos de experi\u00eancia atendendo concession\u00e1rias, PDI e grandes opera\u00e7\u00f5es em todo o Brasil.<\/p>\t\t\t\t\t\t\t\t<\/div>\n\t\t\t\t\t<\/div>\n\t\t\t\t<\/div>\n\t\t<div class=\"elementor-element elementor-element-0372c56 e-flex e-con-boxed e-con e-parent\" data-id=\"0372c56\" data-element_type=\"container\" id=\"sobrenos\">\n\t\t\t\t\t<div class=\"e-con-inner\">\n\t\t<div class=\"elementor-element elementor-element-ce428b4 e-con-full e-flex e-con e-child\" data-id=\"ce428b4\" data-element_type=\"container\">\n\t\t\t\t<div class=\"elementor-element elementor-element-16763db elementor-widget elementor-widget-heading\" data-id=\"16763db\" data-element_type=\"widget\" data-widget_type=\"heading.default\">\n\t\t\t\t\t<h2 class=\"elementor-heading-title elementor-size-default\">Sobre N\u00f3s<\/h2>\t\t\t\t<\/div>\n\t\t\t\t<div class=\"elementor-element elementor-element-8e88be6 elementor-widget elementor-widget-text-editor\" data-id=\"8e88be6\" data-element_type=\"widget\" data-widget_type=\"text-editor.default\">\n\t\t\t\t\t\t\t\t\t<p data-start=\"184\" data-end=\"334\">A Conection atua no segmento de acess\u00f3rios automotivos, com foco exclusivo no atendimento de <strong data-start=\"277\" data-end=\"331\">frotas corporativas e opera\u00e7\u00f5es em escala nacional<\/strong>.<\/p><p data-start=\"341\" data-end=\"561\">Especializada na <strong data-start=\"358\" data-end=\"439\">instala\u00e7\u00e3o e manuten\u00e7\u00e3o de acess\u00f3rios para ve\u00edculos 0 km e frotas em opera\u00e7\u00e3o<\/strong>, a empresa oferece <strong data-start=\"459\" data-end=\"504\">atendimento em todo o territ\u00f3rio nacional<\/strong>, por meio de uma ampla rede de parceiros credenciados.<\/p><p data-start=\"568\" data-end=\"806\">Com <strong data-start=\"572\" data-end=\"637\">processos \u00e1geis, gest\u00e3o estruturada e acompanhamento cont\u00ednuo<\/strong>, a Conection garante <strong data-start=\"659\" data-end=\"780\">efici\u00eancia operacional, redu\u00e7\u00e3o do tempo de inatividade dos ve\u00edculos e suporte completo durante todo o ciclo da frota<\/strong>, incluindo sua renova\u00e7\u00e3o.<\/p>\t\t\t\t\t\t\t\t<\/div>\n\t\t\t\t<\/div>\n\t\t<div class=\"elementor-element elementor-element-7c3a410 e-con-full elementor-hidden-mobile e-flex e-con e-child\" data-id=\"7c3a410\" data-element_type=\"container\">\n\t\t<div class=\"elementor-element elementor-element-c5a68cf e-con-full elementor-hidden-mobile e-flex e-con e-child\" data-id=\"c5a68cf\" data-element_type=\"container\">\n\t\t<div class=\"elementor-element elementor-element-159d918 e-con-full e-flex e-con e-child\" data-id=\"159d918\" data-element_type=\"container\">\n\t\t\t\t<div class=\"elementor-element elementor-element-ab9d944 elementor-widget__width-initial elementor-widget elementor-widget-heading\" data-id=\"ab9d944\" data-element_type=\"widget\" data-widget_type=\"heading.default\">\n\t\t\t\t\t<h2 class=\"elementor-heading-title elementor-size-default\">+25  anos<\/h2>\t\t\t\t<\/div>\n\t\t\t\t<div class=\"elementor-element elementor-element-911319c elementor-widget-tablet__width-initial elementor-widget elementor-widget-text-editor\" data-id=\"911319c\" data-element_type=\"widget\" data-widget_type=\"text-editor.default\">\n\t\t\t\t\t\t\t\t\t<p>de experi\u00eancia no setor automotivo<\/p>\t\t\t\t\t\t\t\t<\/div>\n\t\t\t\t<\/div>\n\t\t<div class=\"elementor-element elementor-element-e4a88a5 e-con-full e-flex e-con e-child\" data-id=\"e4a88a5\" data-element_type=\"container\">\n\t\t\t\t<div class=\"elementor-element elementor-element-77f7ee5 elementor-absolute elementor-widget-divider--view-line elementor-widget elementor-widget-divider\" data-id=\"77f7ee5\" data-element_type=\"widget\" data-settings=\"{&quot;_position&quot;:&quot;absolute&quot;}\" data-widget_type=\"divider.default\">\n\t\t\t\t\t\t\t<div class=\"elementor-divider\">\n\t\t\t<span class=\"elementor-divider-separator\">\n\t\t\t\t\t\t<\/span>\n\t\t<\/div>\n\t\t\t\t\t\t<\/div>\n\t\t\t\t<div class=\"elementor-element elementor-element-b04e9df elementor-widget__width-initial elementor-widget elementor-widget-heading\" data-id=\"b04e9df\" data-element_type=\"widget\" data-widget_type=\"heading.default\">\n\t\t\t\t\t<h2 class=\"elementor-heading-title elementor-size-default\">Atendimento nacional<\/h2>\t\t\t\t<\/div>\n\t\t\t\t<div class=\"elementor-element elementor-element-b09641a elementor-widget-tablet__width-initial elementor-widget elementor-widget-text-editor\" data-id=\"b09641a\" data-element_type=\"widget\" data-widget_type=\"text-editor.default\">\n\t\t\t\t\t\t\t\t\t<p>cobertura em todos os estados<\/p>\t\t\t\t\t\t\t\t<\/div>\n\t\t\t\t<\/div>\n\t\t\t\t<\/div>\n\t\t<div class=\"elementor-element elementor-element-e0ef5e9 e-con-full elementor-hidden-mobile e-flex e-con e-child\" data-id=\"e0ef5e9\" data-element_type=\"container\">\n\t\t<div class=\"elementor-element elementor-element-03a29ff e-con-full e-flex e-con e-child\" data-id=\"03a29ff\" data-element_type=\"container\">\n\t\t\t\t<div class=\"elementor-element elementor-element-6bd610d elementor-widget-laptop__width-initial elementor-widget elementor-widget-heading\" data-id=\"6bd610d\" data-element_type=\"widget\" data-widget_type=\"heading.default\">\n\t\t\t\t\t<h2 class=\"elementor-heading-title elementor-size-default\">4.000 Pontos<\/h2>\t\t\t\t<\/div>\n\t\t\t\t<div class=\"elementor-element elementor-element-b798170 elementor-widget-tablet__width-initial elementor-widget-laptop__width-initial elementor-widget elementor-widget-text-editor\" data-id=\"b798170\" data-element_type=\"widget\" data-widget_type=\"text-editor.default\">\n\t\t\t\t\t\t\t\t\t<p>de atendimento em todo o Brasil<\/p>\t\t\t\t\t\t\t\t<\/div>\n\t\t\t\t<\/div>\n\t\t<div class=\"elementor-element elementor-element-d425698 e-con-full elementor-hidden-mobile e-flex e-con e-child\" data-id=\"d425698\" data-element_type=\"container\">\n\t\t\t\t<div class=\"elementor-element elementor-element-bb22084 elementor-absolute elementor-widget-divider--view-line elementor-widget elementor-widget-divider\" data-id=\"bb22084\" data-element_type=\"widget\" data-settings=\"{&quot;_position&quot;:&quot;absolute&quot;}\" data-widget_type=\"divider.default\">\n\t\t\t\t\t\t\t<div class=\"elementor-divider\">\n\t\t\t<span class=\"elementor-divider-separator\">\n\t\t\t\t\t\t<\/span>\n\t\t<\/div>\n\t\t\t\t\t\t<\/div>\n\t\t\t\t<div class=\"elementor-element elementor-element-0c5622c elementor-widget__width-initial elementor-widget elementor-widget-heading\" data-id=\"0c5622c\" data-element_type=\"widget\" data-widget_type=\"heading.default\">\n\t\t\t\t\t<h2 class=\"elementor-heading-title elementor-size-default\">SLA 5\u201310 minutos<\/h2>\t\t\t\t<\/div>\n\t\t\t\t<div class=\"elementor-element elementor-element-c61b8cc elementor-widget-tablet__width-initial elementor-widget-laptop__width-initial elementor-widget elementor-widget-text-editor\" data-id=\"c61b8cc\" data-element_type=\"widget\" data-widget_type=\"text-editor.default\">\n\t\t\t\t\t\t\t\t\t<p>para envio de cota\u00e7\u00f5es<\/p>\t\t\t\t\t\t\t\t<\/div>\n\t\t\t\t<\/div>\n\t\t\t\t<\/div>\n\t\t\t\t<\/div>\n\t\t\t\t\t<\/div>\n\t\t\t\t<\/div>\n\t\t<div class=\"elementor-element elementor-element-40ac9c3 elementor-hidden-widescreen elementor-hidden-desktop elementor-hidden-laptop elementor-hidden-tablet e-flex e-con-boxed e-con e-parent\" data-id=\"40ac9c3\" data-element_type=\"container\">\n\t\t\t\t\t<div class=\"e-con-inner\">\n\t\t<div class=\"elementor-element elementor-element-c9e505d e-con-full e-flex e-con e-child\" data-id=\"c9e505d\" data-element_type=\"container\">\n\t\t\t\t<div class=\"elementor-element elementor-element-32469e2 elementor-widget elementor-widget-heading\" data-id=\"32469e2\" data-element_type=\"widget\" data-widget_type=\"heading.default\">\n\t\t\t\t\t<h2 class=\"elementor-heading-title elementor-size-default\">+25 anos<\/h2>\t\t\t\t<\/div>\n\t\t\t\t<div class=\"elementor-element elementor-element-08544f0 elementor-widget elementor-widget-text-editor\" data-id=\"08544f0\" data-element_type=\"widget\" data-widget_type=\"text-editor.default\">\n\t\t\t\t\t\t\t\t\t<p>de experi\u00eancia no setor automotivo<\/p>\t\t\t\t\t\t\t\t<\/div>\n\t\t\t\t<div class=\"elementor-element elementor-element-2720233 elementor-widget-divider--view-line elementor-widget elementor-widget-divider\" data-id=\"2720233\" data-element_type=\"widget\" data-widget_type=\"divider.default\">\n\t\t\t\t\t\t\t<div class=\"elementor-divider\">\n\t\t\t<span class=\"elementor-divider-separator\">\n\t\t\t\t\t\t<\/span>\n\t\t<\/div>\n\t\t\t\t\t\t<\/div>\n\t\t\t\t<\/div>\n\t\t<div class=\"elementor-element elementor-element-12ee0ab e-con-full e-flex e-con e-child\" data-id=\"12ee0ab\" data-element_type=\"container\">\n\t\t\t\t<div class=\"elementor-element elementor-element-951ca14 elementor-widget elementor-widget-heading\" data-id=\"951ca14\" data-element_type=\"widget\" data-widget_type=\"heading.default\">\n\t\t\t\t\t<h2 class=\"elementor-heading-title elementor-size-default\">4.000 pontos<\/h2>\t\t\t\t<\/div>\n\t\t\t\t<div class=\"elementor-element elementor-element-11c52f2 elementor-widget elementor-widget-text-editor\" data-id=\"11c52f2\" data-element_type=\"widget\" data-widget_type=\"text-editor.default\">\n\t\t\t\t\t\t\t\t\t<p>de atendimento em todo o Brasil<\/p>\t\t\t\t\t\t\t\t<\/div>\n\t\t\t\t<div class=\"elementor-element elementor-element-ecab375 elementor-widget-divider--view-line elementor-widget elementor-widget-divider\" data-id=\"ecab375\" data-element_type=\"widget\" data-widget_type=\"divider.default\">\n\t\t\t\t\t\t\t<div class=\"elementor-divider\">\n\t\t\t<span class=\"elementor-divider-separator\">\n\t\t\t\t\t\t<\/span>\n\t\t<\/div>\n\t\t\t\t\t\t<\/div>\n\t\t\t\t<\/div>\n\t\t<div class=\"elementor-element elementor-element-9864b65 e-con-full e-flex e-con e-child\" data-id=\"9864b65\" data-element_type=\"container\">\n\t\t\t\t<div class=\"elementor-element elementor-element-4b3dcd9 elementor-widget elementor-widget-heading\" data-id=\"4b3dcd9\" data-element_type=\"widget\" data-widget_type=\"heading.default\">\n\t\t\t\t\t<h2 class=\"elementor-heading-title elementor-size-default\">cobertura em todos os estados<\/h2>\t\t\t\t<\/div>\n\t\t\t\t<div class=\"elementor-element elementor-element-7ce0496 elementor-widget elementor-widget-text-editor\" data-id=\"7ce0496\" data-element_type=\"widget\" data-widget_type=\"text-editor.default\">\n\t\t\t\t\t\t\t\t\t<p>de atendimento em todo o Brasil<\/p>\t\t\t\t\t\t\t\t<\/div>\n\t\t\t\t<div class=\"elementor-element elementor-element-95a3072 elementor-widget-divider--view-line elementor-widget elementor-widget-divider\" data-id=\"95a3072\" data-element_type=\"widget\" data-widget_type=\"divider.default\">\n\t\t\t\t\t\t\t<div class=\"elementor-divider\">\n\t\t\t<span class=\"elementor-divider-separator\">\n\t\t\t\t\t\t<\/span>\n\t\t<\/div>\n\t\t\t\t\t\t<\/div>\n\t\t\t\t<\/div>\n\t\t<div class=\"elementor-element elementor-element-723a175 e-con-full e-flex e-con e-child\" data-id=\"723a175\" data-element_type=\"container\">\n\t\t\t\t<div class=\"elementor-element elementor-element-3573f09 elementor-widget elementor-widget-heading\" data-id=\"3573f09\" data-element_type=\"widget\" data-widget_type=\"heading.default\">\n\t\t\t\t\t<h2 class=\"elementor-heading-title elementor-size-default\">SLA 5\u201310 minutos<\/h2>\t\t\t\t<\/div>\n\t\t\t\t<div class=\"elementor-element elementor-element-b52f33d elementor-widget elementor-widget-text-editor\" data-id=\"b52f33d\" data-element_type=\"widget\" data-widget_type=\"text-editor.default\">\n\t\t\t\t\t\t\t\t\t<p>para envio de cota\u00e7\u00f5es<\/p>\t\t\t\t\t\t\t\t<\/div>\n\t\t\t\t<div class=\"elementor-element elementor-element-9f6aa1b elementor-widget-divider--view-line elementor-widget elementor-widget-divider\" data-id=\"9f6aa1b\" data-element_type=\"widget\" data-widget_type=\"divider.default\">\n\t\t\t\t\t\t\t<div class=\"elementor-divider\">\n\t\t\t<span class=\"elementor-divider-separator\">\n\t\t\t\t\t\t<\/span>\n\t\t<\/div>\n\t\t\t\t\t\t<\/div>\n\t\t\t\t<\/div>\n\t\t\t\t\t<\/div>\n\t\t\t\t<\/div>\n\t\t<div class=\"elementor-element elementor-element-792575a e-flex e-con-boxed e-con e-parent\" data-id=\"792575a\" data-element_type=\"container\" id=\"estruturaoperacional\" data-settings=\"{&quot;background_background&quot;:&quot;classic&quot;}\">\n\t\t\t\t\t<div class=\"e-con-inner\">\n\t\t<div class=\"elementor-element elementor-element-8b6ff5a e-flex e-con-boxed e-con e-child\" data-id=\"8b6ff5a\" data-element_type=\"container\" data-settings=\"{&quot;background_background&quot;:&quot;classic&quot;}\">\n\t\t\t\t\t<div class=\"e-con-inner\">\n\t\t\t\t<div class=\"elementor-element elementor-element-d02291e elementor-widget-mobile__width-initial elementor-widget elementor-widget-heading\" data-id=\"d02291e\" data-element_type=\"widget\" data-widget_type=\"heading.default\">\n\t\t\t\t\t<h2 class=\"elementor-heading-title elementor-size-default\">Estrutura Operacional<\/h2>\t\t\t\t<\/div>\n\t\t<div class=\"elementor-element elementor-element-b5be108 e-con-full e-flex e-con e-child\" data-id=\"b5be108\" data-element_type=\"container\" data-settings=\"{&quot;background_background&quot;:&quot;classic&quot;}\">\n\t\t\t\t<div class=\"elementor-element elementor-element-7552196 elementor-widget-laptop__width-initial elementor-position-top elementor-widget elementor-widget-image-box\" data-id=\"7552196\" data-element_type=\"widget\" data-widget_type=\"image-box.default\">\n\t\t\t\t\t<div class=\"elementor-image-box-wrapper\"><figure class=\"elementor-image-box-img\"><img decoding=\"async\" width=\"40\" height=\"40\" src=\"https:\/\/conectionviper.com.br\/wordpress\/wp-content\/uploads\/2026\/03\/triangulo-de-pessoas-conectadas-1.webp\" class=\"attachment-full size-full wp-image-227\" alt=\"\" \/><\/figure><div class=\"elementor-image-box-content\"><h3 class=\"elementor-image-box-title\">Rede nacional<\/h3><p class=\"elementor-image-box-description\">Pontos credenciados distribu\u00eddos em todo o territ\u00f3rio brasileiro.<\/p><\/div><\/div>\t\t\t\t<\/div>\n\t\t\t\t<\/div>\n\t\t<div class=\"elementor-element elementor-element-f4733cf e-con-full e-flex e-con e-child\" data-id=\"f4733cf\" data-element_type=\"container\" data-settings=\"{&quot;background_background&quot;:&quot;classic&quot;}\">\n\t\t\t\t<div class=\"elementor-element elementor-element-7192628 elementor-widget-laptop__width-initial elementor-position-top elementor-widget elementor-widget-image-box\" data-id=\"7192628\" data-element_type=\"widget\" data-widget_type=\"image-box.default\">\n\t\t\t\t\t<div class=\"elementor-image-box-wrapper\"><figure class=\"elementor-image-box-img\"><img decoding=\"async\" width=\"128\" height=\"128\" src=\"https:\/\/conectionviper.com.br\/wordpress\/wp-content\/uploads\/2026\/03\/suporte-ao-cliente.png\" class=\"attachment-full size-full wp-image-321\" alt=\"\" \/><\/figure><div class=\"elementor-image-box-content\"><h3 class=\"elementor-image-box-title\">Atendimento PDI<\/h3><p class=\"elementor-image-box-description\">Atua\u00e7\u00e3o direta em concession\u00e1rias e p\u00e1tios de ve\u00edculos 0km.<\/p><\/div><\/div>\t\t\t\t<\/div>\n\t\t\t\t<\/div>\n\t\t<div class=\"elementor-element elementor-element-9d83c40 e-con-full e-flex e-con e-child\" data-id=\"9d83c40\" data-element_type=\"container\" data-settings=\"{&quot;background_background&quot;:&quot;classic&quot;}\">\n\t\t\t\t<div class=\"elementor-element elementor-element-8e2bd60 elementor-widget-laptop__width-initial elementor-position-top elementor-widget elementor-widget-image-box\" data-id=\"8e2bd60\" data-element_type=\"widget\" data-widget_type=\"image-box.default\">\n\t\t\t\t\t<div class=\"elementor-image-box-wrapper\"><figure class=\"elementor-image-box-img\"><img decoding=\"async\" width=\"128\" height=\"128\" src=\"https:\/\/conectionviper.com.br\/wordpress\/wp-content\/uploads\/2026\/03\/solicitacao-de-cotacao.png\" class=\"attachment-full size-full wp-image-320\" alt=\"\" \/><\/figure><div class=\"elementor-image-box-content\"><h3 class=\"elementor-image-box-title\">SLA \u00c1gil<\/h3><p class=\"elementor-image-box-description\">Envio de cota\u00e7\u00f5es e indica\u00e7\u00f5es de lojas conveniadas em at\u00e9 5\u201310 minutos.<\/p><\/div><\/div>\t\t\t\t<\/div>\n\t\t\t\t<\/div>\n\t\t<div class=\"elementor-element elementor-element-a53a675 e-con-full e-flex e-con e-child\" data-id=\"a53a675\" data-element_type=\"container\" data-settings=\"{&quot;background_background&quot;:&quot;classic&quot;}\">\n\t\t\t\t<div class=\"elementor-element elementor-element-513702d elementor-widget-laptop__width-initial elementor-position-top elementor-widget elementor-widget-image-box\" data-id=\"513702d\" data-element_type=\"widget\" data-widget_type=\"image-box.default\">\n\t\t\t\t\t<div class=\"elementor-image-box-wrapper\"><figure class=\"elementor-image-box-img\"><img loading=\"lazy\" decoding=\"async\" width=\"128\" height=\"128\" src=\"https:\/\/conectionviper.com.br\/wordpress\/wp-content\/uploads\/2026\/03\/garantia.png\" class=\"attachment-full size-full wp-image-329\" alt=\"\" \/><\/figure><div class=\"elementor-image-box-content\"><h3 class=\"elementor-image-box-title\">Garantia Estendida<\/h3><p class=\"elementor-image-box-description\">1 ano de garantia nos servi\u00e7os, com assist\u00eancia cont\u00ednua at\u00e9 o fim do contrato.<\/p><\/div><\/div>\t\t\t\t<\/div>\n\t\t\t\t<\/div>\n\t\t\t\t\t<\/div>\n\t\t\t\t<\/div>\n\t\t\t\t\t<\/div>\n\t\t\t\t<\/div>\n\t\t<div class=\"elementor-element elementor-element-efa0d5e e-flex e-con-boxed e-con e-parent\" data-id=\"efa0d5e\" data-element_type=\"container\" id=\"comoatuamos\">\n\t\t\t\t\t<div class=\"e-con-inner\">\n\t\t<div class=\"elementor-element elementor-element-30a94d5 e-con-full e-flex e-con e-child\" data-id=\"30a94d5\" data-element_type=\"container\">\n\t\t\t\t<div class=\"elementor-element elementor-element-618495d elementor-widget__width-initial elementor-widget elementor-widget-heading\" data-id=\"618495d\" data-element_type=\"widget\" data-widget_type=\"heading.default\">\n\t\t\t\t\t<h2 class=\"elementor-heading-title elementor-size-default\">Como Atuamos<\/h2>\t\t\t\t<\/div>\n\t\t\t\t<\/div>\n\t\t\t\t\t<\/div>\n\t\t\t\t<\/div>\n\t\t<div class=\"elementor-element elementor-element-b4c833a e-flex e-con-boxed e-con e-parent\" data-id=\"b4c833a\" data-element_type=\"container\">\n\t\t\t\t\t<div class=\"e-con-inner\">\n\t\t<div class=\"elementor-element elementor-element-c52c430 e-con-full e-flex e-con e-child\" data-id=\"c52c430\" data-element_type=\"container\">\n\t\t\t\t<div class=\"elementor-element elementor-element-f81ebf1 bullet elementor-widget elementor-widget-heading\" data-id=\"f81ebf1\" data-element_type=\"widget\" data-widget_type=\"heading.default\">\n\t\t\t\t\t<h2 class=\"elementor-heading-title elementor-size-default\">Solicita\u00e7\u00e3o<\/h2>\t\t\t\t<\/div>\n\t\t\t\t<div class=\"elementor-element elementor-element-14a0f66 elementor-widget-mobile__width-initial elementor-widget elementor-widget-text-editor\" data-id=\"14a0f66\" data-element_type=\"widget\" data-widget_type=\"text-editor.default\">\n\t\t\t\t\t\t\t\t\t<p>Recebimento da demanda de instala\u00e7\u00e3o ou manuten\u00e7\u00e3o.<\/p>\t\t\t\t\t\t\t\t<\/div>\n\t\t\t\t<\/div>\n\t\t<div class=\"elementor-element elementor-element-777b82f e-con-full e-flex e-con e-child\" data-id=\"777b82f\" data-element_type=\"container\">\n\t\t\t\t<div class=\"elementor-element elementor-element-644f8d3 bullet elementor-widget elementor-widget-heading\" data-id=\"644f8d3\" data-element_type=\"widget\" data-widget_type=\"heading.default\">\n\t\t\t\t\t<h2 class=\"elementor-heading-title elementor-size-default\">Direcionamento<\/h2>\t\t\t\t<\/div>\n\t\t\t\t<div class=\"elementor-element elementor-element-aef15b7 elementor-widget-mobile__width-initial elementor-widget elementor-widget-text-editor\" data-id=\"aef15b7\" data-element_type=\"widget\" data-widget_type=\"text-editor.default\">\n\t\t\t\t\t\t\t\t\t<p>Indica\u00e7\u00e3o do ponto credenciado mais pr\u00f3ximo, com envio \u00e1gil de cota\u00e7\u00e3o.<\/p>\t\t\t\t\t\t\t\t<\/div>\n\t\t\t\t<\/div>\n\t\t<div class=\"elementor-element elementor-element-9b5f68c e-con-full e-flex e-con e-child\" data-id=\"9b5f68c\" data-element_type=\"container\">\n\t\t\t\t<div class=\"elementor-element elementor-element-a03bc43 bullet elementor-widget elementor-widget-heading\" data-id=\"a03bc43\" data-element_type=\"widget\" data-widget_type=\"heading.default\">\n\t\t\t\t\t<h2 class=\"elementor-heading-title elementor-size-default\">Execu\u00e7\u00e3o<\/h2>\t\t\t\t<\/div>\n\t\t\t\t<div class=\"elementor-element elementor-element-cfe9a86 elementor-widget-mobile__width-initial elementor-widget elementor-widget-text-editor\" data-id=\"cfe9a86\" data-element_type=\"widget\" data-widget_type=\"text-editor.default\">\n\t\t\t\t\t\t\t\t\t<p>Instala\u00e7\u00e3o ou manuten\u00e7\u00e3o realizada conforme padr\u00e3o t\u00e9cnico estabelecido.<\/p>\t\t\t\t\t\t\t\t<\/div>\n\t\t\t\t<\/div>\n\t\t<div class=\"elementor-element elementor-element-e30161c e-con-full e-flex e-con e-child\" data-id=\"e30161c\" data-element_type=\"container\">\n\t\t\t\t<div class=\"elementor-element elementor-element-5ae08de bullet elementor-widget elementor-widget-heading\" data-id=\"5ae08de\" data-element_type=\"widget\" data-widget_type=\"heading.default\">\n\t\t\t\t\t<h2 class=\"elementor-heading-title elementor-size-default\">Acompanhamento<\/h2>\t\t\t\t<\/div>\n\t\t\t\t<div class=\"elementor-element elementor-element-838143d elementor-widget-mobile__width-initial elementor-widget elementor-widget-text-editor\" data-id=\"838143d\" data-element_type=\"widget\" data-widget_type=\"text-editor.default\">\n\t\t\t\t\t\t\t\t\t<p>Garantia e suporte cont\u00ednuo at\u00e9 a renova\u00e7\u00e3o da frota.<\/p>\t\t\t\t\t\t\t\t<\/div>\n\t\t\t\t<\/div>\n\t\t\t\t\t<\/div>\n\t\t\t\t<\/div>\n\t\t<div class=\"elementor-element elementor-element-2cd5555 e-flex e-con-boxed e-con e-parent\" data-id=\"2cd5555\" data-element_type=\"container\">\n\t\t\t\t\t<div class=\"e-con-inner\">\n\t\t<div class=\"elementor-element elementor-element-94fa2d4 e-con-full e-flex e-con e-child\" data-id=\"94fa2d4\" data-element_type=\"container\">\n\t\t\t\t<div class=\"elementor-element elementor-element-d34ef39 elementor-widget__width-initial elementor-widget elementor-widget-heading\" data-id=\"d34ef39\" data-element_type=\"widget\" data-widget_type=\"heading.default\">\n\t\t\t\t\t<h2 class=\"elementor-heading-title elementor-size-default\">Estrutura para manter sua opera\u00e7\u00e3o em movimento.<\/h2>\t\t\t\t<\/div>\n\t\t\t\t<div class=\"elementor-element elementor-element-c4ea65d elementor-widget__width-initial elementor-widget elementor-widget-text-editor\" data-id=\"c4ea65d\" data-element_type=\"widget\" data-widget_type=\"text-editor.default\">\n\t\t\t\t\t\t\t\t\t<p>Com atua\u00e7\u00e3o nacional e experi\u00eancia no segmento automotivo, a Conection oferece gest\u00e3o estruturada, agilidade operacional e cobertura em todo o territ\u00f3rio brasileiro, garantindo suporte cont\u00ednuo \u00e0s frotas corporativas.<\/p>\t\t\t\t\t\t\t\t<\/div>\n\t\t\t\t<\/div>\n\t\t\t\t\t<\/div>\n\t\t\t\t<\/div>\n\t\t\t\t<\/div>\n\t\t","protected":false},"excerpt":{"rendered":"<p>Gest\u00e3o nacional de acess\u00f3rios e manuten\u00e7\u00e3o para frotas corporativas. Mais de 25 anos de experi\u00eancia atendendo concession\u00e1rias, PDI e grandes opera\u00e7\u00f5es em todo o Brasil. Sobre N\u00f3s A Conection atua no segmento de acess\u00f3rios automotivos, com foco exclusivo no atendimento de frotas corporativas e opera\u00e7\u00f5es em escala nacional. Especializada na instala\u00e7\u00e3o e manuten\u00e7\u00e3o de acess\u00f3rios [&hellip;]<\/p>\n","protected":false},"author":1,"featured_media":0,"parent":0,"menu_order":0,"comment_status":"closed","ping_status":"closed","template":"","meta":{"footnotes":""},"class_list":["post-103","page","type-page","status-publish","hentry"],"_links":{"self":[{"href":"https:\/\/conectionviper.com.br\/wordpress\/index.php?rest_route=\/wp\/v2\/pages\/103","targetHints":{"allow":["GET"]}}],"collection":[{"href":"https:\/\/conectionviper.com.br\/wordpress\/index.php?rest_route=\/wp\/v2\/pages"}],"about":[{"href":"https:\/\/conectionviper.com.br\/wordpress\/index.php?rest_route=\/wp\/v2\/types\/page"}],"author":[{"embeddable":true,"href":"https:\/\/conectionviper.com.br\/wordpress\/index.php?rest_route=\/wp\/v2\/users\/1"}],"replies":[{"embeddable":true,"href":"https:\/\/conectionviper.com.br\/wordpress\/index.php?rest_route=%2Fwp%2Fv2%2Fcomments&post=103"}],"version-history":[{"count":544,"href":"https:\/\/conectionviper.com.br\/wordpress\/index.php?rest_route=\/wp\/v2\/pages\/103\/revisions"}],"predecessor-version":[{"id":743,"href":"https:\/\/conectionviper.com.br\/wordpress\/index.php?rest_route=\/wp\/v2\/pages\/103\/revisions\/743"}],"wp:attachment":[{"href":"https:\/\/conectionviper.com.br\/wordpress\/index.php?rest_route=%2Fwp%2Fv2%2Fmedia&parent=103"}],"curies":[{"name":"wp","href":"https:\/\/api.w.org\/{rel}","templated":true}]}}